{"id":841,"date":"2017-11-01T14:57:06","date_gmt":"2017-11-01T14:57:06","guid":{"rendered":"http:\/\/burger-web.com\/wp\/?page_id=841"},"modified":"2023-09-07T10:35:22","modified_gmt":"2023-09-07T10:35:22","slug":"impressum","status":"publish","type":"page","link":"http:\/\/burger-web.com\/wp\/de\/impressum\/","title":{"rendered":"(English) Impressum"},"content":{"rendered":"<p>Gerhard Burger<br \/>\nMontafonerstrasse 17<br \/>\n6771 St. Anton im Montafon<br \/>\nAustria<\/p>\n<p>Tel.: +43 650 44 15 094<\/p>\n<p>E-Mail:\u00a0<a href=\"mailto:geburger@iplace.at\">geburger@iplace.at<\/a><\/p>\n<p>Internet: http:\/\/www.burger-web.com<\/p>\n<p>Inhaltlich Verantwortlicher gem\u00e4\u00df \u00a7 10 Absatz 3 MDStV: Gerhard Burger (Anschrift wie oben)<\/p>\n<p>Haftungshinweis:<\/p>\n<p>Trotz sorgf\u00e4ltiger inhaltlicher Kontrolle \u00fcbernehme ich keine Haftung f\u00fcr die Inhalte externer Links. F\u00fcr den Inhalt der verlinkten Seiten sind ausschlie\u00dflich deren Betreiber verantwortlich..<\/p>\n","protected":false},"excerpt":{"rendered":"<p>Gerhard Burger Montafonerstrasse 17 6771 St. Anton im Montafon Austria Tel.: +43 650 44 15 094 E-Mail:\u00a0geburger@iplace.at Internet: http:\/\/www.burger-web.com Inhaltlich Verantwortlicher gem\u00e4\u00df \u00a7 10 Absatz 3 MDStV: Gerhard Burger (Anschrift wie oben) Haftungshinweis: Trotz sorgf\u00e4ltiger inhaltlicher Kontrolle \u00fcbernehme ich keine Haftung f\u00fcr die Inhalte externer Links. F\u00fcr den Inhalt der verlinkten Seiten sind ausschlie\u00dflich deren &hellip; <a href=\"http:\/\/burger-web.com\/wp\/de\/impressum\/\" class=\"more-link\"><span class=\"screen-reader-text\">(English) Impressum<\/span> weiterlesen <span class=\"meta-nav\">&rarr;<\/span><\/a><\/p>\n","protected":false},"author":1,"featured_media":0,"parent":0,"menu_order":0,"comment_status":"closed","ping_status":"closed","template":"","meta":{"footnotes":""},"class_list":["post-841","page","type-page","status-publish","hentry"],"_links":{"self":[{"href":"http:\/\/burger-web.com\/wp\/de\/wp-json\/wp\/v2\/pages\/841","targetHints":{"allow":["GET"]}}],"collection":[{"href":"http:\/\/burger-web.com\/wp\/de\/wp-json\/wp\/v2\/pages"}],"about":[{"href":"http:\/\/burger-web.com\/wp\/de\/wp-json\/wp\/v2\/types\/page"}],"author":[{"embeddable":true,"href":"http:\/\/burger-web.com\/wp\/de\/wp-json\/wp\/v2\/users\/1"}],"replies":[{"embeddable":true,"href":"http:\/\/burger-web.com\/wp\/de\/wp-json\/wp\/v2\/comments?post=841"}],"version-history":[{"count":3,"href":"http:\/\/burger-web.com\/wp\/de\/wp-json\/wp\/v2\/pages\/841\/revisions"}],"predecessor-version":[{"id":1757,"href":"http:\/\/burger-web.com\/wp\/de\/wp-json\/wp\/v2\/pages\/841\/revisions\/1757"}],"wp:attachment":[{"href":"http:\/\/burger-web.com\/wp\/de\/wp-json\/wp\/v2\/media?parent=841"}],"curies":[{"name":"wp","href":"https:\/\/api.w.org\/{rel}","templated":true}]}}