{"id":80,"date":"2016-12-25T20:36:19","date_gmt":"2016-12-25T20:36:19","guid":{"rendered":"http:\/\/burger-web.com\/wp\/?page_id=80"},"modified":"2022-11-29T20:16:12","modified_gmt":"2022-11-29T20:16:12","slug":"tool-measurement","status":"publish","type":"page","link":"http:\/\/burger-web.com\/wp\/de\/tool-measurement\/","title":{"rendered":"Werkzeugvermessung"},"content":{"rendered":"<p><\/p>\n<h2>Einf\u00fchrung<\/h2>\n<p>Werkzeugspindeln, bei denen Werkzeuge nicht\u00a0 definiert positioniert werden k\u00f6nnen, m\u00fcssen nach jedem Werkzeugwechsel neu vermessen werden. Der Vorgang kann entweder manuell durch Antouchieren oder automatisch mit Hilfe von Messeinrichtungen erfolgen.<\/p>\n<p>AKKONDesk unterst\u00fctzt eine automatische Werkzeugvermessung mit Endschalter. Das Werkzeug wird nach dem Werkzeugwechsel dazu zu einem vordefinierten Punkt bewegt und anschlie\u00dfend so lange entlang der zu vermessenden Achse verfahren bis der Endschalter ausgel\u00f6st wird. Die Position wird beim Ausl\u00f6sen erfasst und die Werkzeugl\u00e4nge berechnet. Nachfolgende Abbildung zeigt die Position des auszumessenden Werkzeuges in Ausl\u00f6seposition des Referenztasters.<\/p>\n<figure id=\"attachment_372\" aria-describedby=\"caption-attachment-372\" style=\"width: 640px\" class=\"wp-caption alignnone\"><img loading=\"lazy\" decoding=\"async\" class=\"wp-image-372 size-full\" src=\"http:\/\/burger-web.com\/wp\/wp-content\/uploads\/2016\/12\/RS09_640x480.jpg\" width=\"640\" height=\"480\" srcset=\"http:\/\/burger-web.com\/wp\/wp-content\/uploads\/2016\/12\/RS09_640x480.jpg 640w, http:\/\/burger-web.com\/wp\/wp-content\/uploads\/2016\/12\/RS09_640x480-300x225.jpg 300w, http:\/\/burger-web.com\/wp\/wp-content\/uploads\/2016\/12\/RS09_640x480-320x240.jpg 320w\" sizes=\"auto, (max-width: 640px) 100vw, 640px\" \/><figcaption id=\"caption-attachment-372\" class=\"wp-caption-text\">Abbildung 1: Referenzieren durch Ausl\u00f6sen des Referenztasters<\/figcaption><\/figure>\n<h2>Einfache Messeinrichtung zur Werkzeugvermessung<\/h2>\n<p>Eine Messeinrichtung zur Werkzeugvermessung kann mit einfachen Mitteln realisiert werden. Bereits mit einem mechanischen Endschalter lassen sich gute Genauigkeiten &lt; 0.03 mm oder besser erreichen.<\/p>\n<p>Nachfolgende Abbildung zeigt den Aufbau einer einfachen Messeinrichtung mit Endschalter.<\/p>\n<figure id=\"attachment_366\" aria-describedby=\"caption-attachment-366\" style=\"width: 640px\" class=\"wp-caption alignnone\"><img loading=\"lazy\" decoding=\"async\" class=\"wp-image-366 size-full\" src=\"http:\/\/burger-web.com\/wp\/wp-content\/uploads\/2016\/12\/RS07_640x480.jpg\" width=\"640\" height=\"480\" srcset=\"http:\/\/burger-web.com\/wp\/wp-content\/uploads\/2016\/12\/RS07_640x480.jpg 640w, http:\/\/burger-web.com\/wp\/wp-content\/uploads\/2016\/12\/RS07_640x480-300x225.jpg 300w, http:\/\/burger-web.com\/wp\/wp-content\/uploads\/2016\/12\/RS07_640x480-320x240.jpg 320w\" sizes=\"auto, (max-width: 640px) 100vw, 640px\" \/><figcaption id=\"caption-attachment-366\" class=\"wp-caption-text\">Abbildung 2: Im Inneren des Referenztasters<\/figcaption><\/figure>\n<figure id=\"attachment_367\" aria-describedby=\"caption-attachment-367\" style=\"width: 640px\" class=\"wp-caption alignnone\"><img loading=\"lazy\" decoding=\"async\" class=\"wp-image-367 size-full\" src=\"http:\/\/burger-web.com\/wp\/wp-content\/uploads\/2016\/12\/RS08_640x480.jpg\" width=\"640\" height=\"480\" srcset=\"http:\/\/burger-web.com\/wp\/wp-content\/uploads\/2016\/12\/RS08_640x480.jpg 640w, http:\/\/burger-web.com\/wp\/wp-content\/uploads\/2016\/12\/RS08_640x480-300x225.jpg 300w, http:\/\/burger-web.com\/wp\/wp-content\/uploads\/2016\/12\/RS08_640x480-320x240.jpg 320w\" sizes=\"auto, (max-width: 640px) 100vw, 640px\" \/><figcaption id=\"caption-attachment-367\" class=\"wp-caption-text\">Abbildung 3: Abschlussdeckel Referenztaster<\/figcaption><\/figure>\n<figure id=\"attachment_365\" aria-describedby=\"caption-attachment-365\" style=\"width: 640px\" class=\"wp-caption alignnone\"><img loading=\"lazy\" decoding=\"async\" class=\"wp-image-365 size-full\" src=\"http:\/\/burger-web.com\/wp\/wp-content\/uploads\/2016\/12\/RS06_640x480.jpg\" width=\"640\" height=\"480\" srcset=\"http:\/\/burger-web.com\/wp\/wp-content\/uploads\/2016\/12\/RS06_640x480.jpg 640w, http:\/\/burger-web.com\/wp\/wp-content\/uploads\/2016\/12\/RS06_640x480-300x225.jpg 300w, http:\/\/burger-web.com\/wp\/wp-content\/uploads\/2016\/12\/RS06_640x480-320x240.jpg 320w\" sizes=\"auto, (max-width: 640px) 100vw, 640px\" \/><figcaption id=\"caption-attachment-365\" class=\"wp-caption-text\">Abbildung 4: Hebelmechanik Referenztaster<\/figcaption><\/figure>\n<figure id=\"attachment_369\" aria-describedby=\"caption-attachment-369\" style=\"width: 640px\" class=\"wp-caption alignnone\"><img loading=\"lazy\" decoding=\"async\" class=\"wp-image-369 size-full\" src=\"http:\/\/burger-web.com\/wp\/wp-content\/uploads\/2016\/12\/RS05_640x480.jpg\" width=\"640\" height=\"480\" srcset=\"http:\/\/burger-web.com\/wp\/wp-content\/uploads\/2016\/12\/RS05_640x480.jpg 640w, http:\/\/burger-web.com\/wp\/wp-content\/uploads\/2016\/12\/RS05_640x480-300x225.jpg 300w, http:\/\/burger-web.com\/wp\/wp-content\/uploads\/2016\/12\/RS05_640x480-320x240.jpg 320w\" sizes=\"auto, (max-width: 640px) 100vw, 640px\" \/><figcaption id=\"caption-attachment-369\" class=\"wp-caption-text\">Abbildung 5: Referenztaster gesamt<\/figcaption><\/figure>\n<p>&nbsp;<\/p>","protected":false},"excerpt":{"rendered":"<p>Einf\u00fchrung Werkzeugspindeln, bei denen Werkzeuge nicht\u00a0 definiert positioniert werden k\u00f6nnen, m\u00fcssen nach jedem Werkzeugwechsel neu vermessen werden. Der Vorgang kann entweder manuell durch Antouchieren oder automatisch mit Hilfe von Messeinrichtungen erfolgen. AKKONDesk unterst\u00fctzt eine automatische Werkzeugvermessung mit Endschalter. Das Werkzeug wird nach dem Werkzeugwechsel dazu zu einem vordefinierten Punkt bewegt und anschlie\u00dfend so lange entlang &hellip; <a href=\"http:\/\/burger-web.com\/wp\/de\/tool-measurement\/\" class=\"more-link\"><span class=\"screen-reader-text\">Werkzeugvermessung<\/span> weiterlesen <span class=\"meta-nav\">&rarr;<\/span><\/a><\/p>\n","protected":false},"author":1,"featured_media":0,"parent":0,"menu_order":0,"comment_status":"closed","ping_status":"closed","template":"","meta":{"footnotes":""},"class_list":["post-80","page","type-page","status-publish","hentry"],"_links":{"self":[{"href":"http:\/\/burger-web.com\/wp\/de\/wp-json\/wp\/v2\/pages\/80","targetHints":{"allow":["GET"]}}],"collection":[{"href":"http:\/\/burger-web.com\/wp\/de\/wp-json\/wp\/v2\/pages"}],"about":[{"href":"http:\/\/burger-web.com\/wp\/de\/wp-json\/wp\/v2\/types\/page"}],"author":[{"embeddable":true,"href":"http:\/\/burger-web.com\/wp\/de\/wp-json\/wp\/v2\/users\/1"}],"replies":[{"embeddable":true,"href":"http:\/\/burger-web.com\/wp\/de\/wp-json\/wp\/v2\/comments?post=80"}],"version-history":[{"count":13,"href":"http:\/\/burger-web.com\/wp\/de\/wp-json\/wp\/v2\/pages\/80\/revisions"}],"predecessor-version":[{"id":1754,"href":"http:\/\/burger-web.com\/wp\/de\/wp-json\/wp\/v2\/pages\/80\/revisions\/1754"}],"wp:attachment":[{"href":"http:\/\/burger-web.com\/wp\/de\/wp-json\/wp\/v2\/media?parent=80"}],"curies":[{"name":"wp","href":"https:\/\/api.w.org\/{rel}","templated":true}]}}